{"id":3156,"date":"2026-03-18T11:12:01","date_gmt":"2026-03-18T10:12:01","guid":{"rendered":"https:\/\/fundacjaodnowa.com.pl\/?page_id=3156"},"modified":"2026-03-18T11:26:37","modified_gmt":"2026-03-18T10:26:37","slug":"regulamin-fundacji-odnowa","status":"publish","type":"page","link":"https:\/\/fundacjaodnowa.com.pl\/?page_id=3156","title":{"rendered":"Regulamin Fundacji OdNowa"},"content":{"rendered":"\n<blockquote class=\"wp-block-quote is-layout-flow wp-block-quote-is-layout-flow\">\n<h4 class=\"wp-block-heading has-text-align-center has-large-font-size\">Regulamin organizacyjny i zasad \u015bwiadczenia us\u0142ug oraz \u015bwiadczenia us\u0142ugi drog\u0105 elektroniczn\u0105 Fundacji OdNowa.<\/h4>\n<\/blockquote>\n\n\n\n<div class=\"wp-block-group is-layout-constrained wp-block-group-is-layout-constrained\"><a href=\"https:\/\/fundacjaodnowa.com.pl\/wp-content\/uploads\/2026\/03\/Regulamin-Fundacji-Od-Nowa.pdf\" class=\"pdfemb-viewer\" style=\"\" data-width=\"max\" data-height=\"max\" data-toolbar=\"bottom\" data-toolbar-fixed=\"off\">Regulamin-Fundacji-Od-Nowa<\/a><\/div>\n\n\n\n<p><\/p>\n","protected":false},"excerpt":{"rendered":"<p>Regulamin organizacyjny i zasad \u015bwiadczenia us\u0142ug oraz \u015bwiadczenia us\u0142ugi drog\u0105 elektroniczn\u0105 Fundacji OdNowa.<\/p>\n","protected":false},"author":1,"featured_media":0,"parent":0,"menu_order":0,"comment_status":"closed","ping_status":"closed","template":"","meta":{"ngg_post_thumbnail":0,"footnotes":""},"class_list":["post-3156","page","type-page","status-publish","hentry"],"blocksy_meta":[],"_links":{"self":[{"href":"https:\/\/fundacjaodnowa.com.pl\/index.php?rest_route=\/wp\/v2\/pages\/3156","targetHints":{"allow":["GET"]}}],"collection":[{"href":"https:\/\/fundacjaodnowa.com.pl\/index.php?rest_route=\/wp\/v2\/pages"}],"about":[{"href":"https:\/\/fundacjaodnowa.com.pl\/index.php?rest_route=\/wp\/v2\/types\/page"}],"author":[{"embeddable":true,"href":"https:\/\/fundacjaodnowa.com.pl\/index.php?rest_route=\/wp\/v2\/users\/1"}],"replies":[{"embeddable":true,"href":"https:\/\/fundacjaodnowa.com.pl\/index.php?rest_route=%2Fwp%2Fv2%2Fcomments&post=3156"}],"version-history":[{"count":7,"href":"https:\/\/fundacjaodnowa.com.pl\/index.php?rest_route=\/wp\/v2\/pages\/3156\/revisions"}],"predecessor-version":[{"id":3176,"href":"https:\/\/fundacjaodnowa.com.pl\/index.php?rest_route=\/wp\/v2\/pages\/3156\/revisions\/3176"}],"wp:attachment":[{"href":"https:\/\/fundacjaodnowa.com.pl\/index.php?rest_route=%2Fwp%2Fv2%2Fmedia&parent=3156"}],"curies":[{"name":"wp","href":"https:\/\/api.w.org\/{rel}","templated":true}]}}