{"id":3247,"date":"2026-04-17T11:31:53","date_gmt":"2026-04-17T09:31:53","guid":{"rendered":"https:\/\/fundacjaodnowa.com.pl\/?page_id=3247"},"modified":"2026-04-17T11:46:32","modified_gmt":"2026-04-17T09:46:32","slug":"cennik","status":"publish","type":"page","link":"https:\/\/fundacjaodnowa.com.pl\/?page_id=3247","title":{"rendered":"Cennik"},"content":{"rendered":"\n<figure class=\"wp-block-table aligncenter\"><table class=\"has-fixed-layout\"><tbody><tr><td class=\"has-text-align-center\" data-align=\"center\">L.p.<\/td><td class=\"has-text-align-center\" data-align=\"center\">Rodzaj wizyty<\/td><td class=\"has-text-align-center\" data-align=\"center\">Czas trwania<\/td><td class=\"has-text-align-center\" data-align=\"center\">Cena<\/td><\/tr><tr><td class=\"has-text-align-center\" data-align=\"center\">1.<\/td><td class=\"has-text-align-center\" data-align=\"center\">Wizyta pierwszorazowa psychoterapeutyczna dla dzieci i m\u0142odzie\u017cy &#8211; konsultacja <\/td><td class=\"has-text-align-center\" data-align=\"center\">90 minut<\/td><td class=\"has-text-align-center\" data-align=\"center\">350,00 z\u0142 <\/td><\/tr><tr><td class=\"has-text-align-center\" data-align=\"center\">2.<\/td><td class=\"has-text-align-center\" data-align=\"center\">Wizyta psychoterapeutyczna dla dzieci i m\u0142odzie\u017cy<\/td><td class=\"has-text-align-center\" data-align=\"center\">50 minut<\/td><td class=\"has-text-align-center\" data-align=\"center\">240,00 z\u0142<\/td><\/tr><tr><td class=\"has-text-align-center\" data-align=\"center\">3.<\/td><td class=\"has-text-align-center\" data-align=\"center\">Konsultacja pierwszorazowa psychoterapeutyczna dla doros\u0142ych<\/td><td class=\"has-text-align-center\" data-align=\"center\">50 minut<\/td><td class=\"has-text-align-center\" data-align=\"center\">240,00 z\u0142 <\/td><\/tr><tr><td class=\"has-text-align-center\" data-align=\"center\">4.<\/td><td class=\"has-text-align-center\" data-align=\"center\">Wizyta terapeutyczna<\/td><td class=\"has-text-align-center\" data-align=\"center\">50 minut<\/td><td class=\"has-text-align-center\" data-align=\"center\">240,00 z\u0142 <\/td><\/tr><tr><td class=\"has-text-align-center\" data-align=\"center\">5.<\/td><td class=\"has-text-align-center\" data-align=\"center\">Terapia rodzinna<\/td><td class=\"has-text-align-center\" data-align=\"center\">90 minut<\/td><td class=\"has-text-align-center\" data-align=\"center\">380,00 z\u0142<\/td><\/tr><tr><td class=\"has-text-align-center\" data-align=\"center\">6.<\/td><td class=\"has-text-align-center\" data-align=\"center\">Terapia par<\/td><td class=\"has-text-align-center\" data-align=\"center\">90 minut<\/td><td class=\"has-text-align-center\" data-align=\"center\">380,00 z\u0142<\/td><\/tr><tr><td class=\"has-text-align-center\" data-align=\"center\">7.<\/td><td class=\"has-text-align-center\" data-align=\"center\">Konsultacja psychologiczna<\/td><td class=\"has-text-align-center\" data-align=\"center\">50 minut<\/td><td class=\"has-text-align-center\" data-align=\"center\">180,00 z\u0142<\/td><\/tr><tr><td class=\"has-text-align-center\" data-align=\"center\">8. <\/td><td class=\"has-text-align-center\" data-align=\"center\">M\u0142odzie\u017cowa Grupa Psychoterapeutyczna<\/td><td class=\"has-text-align-center\" data-align=\"center\">90 minut<\/td><td class=\"has-text-align-center\" data-align=\"center\">180,00 z\u0142<\/td><\/tr><\/tbody><\/table><\/figure>\n\n\n\n<p><\/p>\n","protected":false},"excerpt":{"rendered":"<p>L.p. Rodzaj wizyty Czas trwania Cena 1. Wizyta pierwszorazowa psychoterapeutyczna dla dzieci i m\u0142odzie\u017cy &#8211; konsultacja 90 minut 350,00 z\u0142 2. Wizyta psychoterapeutyczna dla dzieci i m\u0142odzie\u017cy 50 minut 240,00 z\u0142 3. Konsultacja pierwszorazowa psychoterapeutyczna dla doros\u0142ych 50 minut 240,00 z\u0142 4. Wizyta terapeutyczna 50 minut 240,00 z\u0142 5. Terapia rodzinna 90 minut 380,00 z\u0142 [&hellip;]<\/p>\n","protected":false},"author":1,"featured_media":0,"parent":0,"menu_order":0,"comment_status":"closed","ping_status":"closed","template":"","meta":{"ngg_post_thumbnail":0,"footnotes":""},"class_list":["post-3247","page","type-page","status-publish","hentry"],"blocksy_meta":{"page_structure_type":"type-4","styles_descriptor":{"styles":{"desktop":"","tablet":"","mobile":""},"google_fonts":[],"version":6}},"_links":{"self":[{"href":"https:\/\/fundacjaodnowa.com.pl\/index.php?rest_route=\/wp\/v2\/pages\/3247","targetHints":{"allow":["GET"]}}],"collection":[{"href":"https:\/\/fundacjaodnowa.com.pl\/index.php?rest_route=\/wp\/v2\/pages"}],"about":[{"href":"https:\/\/fundacjaodnowa.com.pl\/index.php?rest_route=\/wp\/v2\/types\/page"}],"author":[{"embeddable":true,"href":"https:\/\/fundacjaodnowa.com.pl\/index.php?rest_route=\/wp\/v2\/users\/1"}],"replies":[{"embeddable":true,"href":"https:\/\/fundacjaodnowa.com.pl\/index.php?rest_route=%2Fwp%2Fv2%2Fcomments&post=3247"}],"version-history":[{"count":4,"href":"https:\/\/fundacjaodnowa.com.pl\/index.php?rest_route=\/wp\/v2\/pages\/3247\/revisions"}],"predecessor-version":[{"id":3252,"href":"https:\/\/fundacjaodnowa.com.pl\/index.php?rest_route=\/wp\/v2\/pages\/3247\/revisions\/3252"}],"wp:attachment":[{"href":"https:\/\/fundacjaodnowa.com.pl\/index.php?rest_route=%2Fwp%2Fv2%2Fmedia&parent=3247"}],"curies":[{"name":"wp","href":"https:\/\/api.w.org\/{rel}","templated":true}]}}